{"id":3469,"date":"2023-11-30T14:49:25","date_gmt":"2023-11-30T14:49:25","guid":{"rendered":"https:\/\/ngocnguyen.com.vn\/website\/?page_id=3469"},"modified":"2024-07-13T14:17:24","modified_gmt":"2024-07-13T14:17:24","slug":"du-an","status":"publish","type":"page","link":"https:\/\/ngocnguyen.com.vn\/website\/du-an\/","title":{"rendered":"D\u1ef1 \u00e1n"},"content":{"rendered":"\t\t<div data-elementor-type=\"wp-page\" data-elementor-id=\"3469\" class=\"elementor elementor-3469\" data-elementor-post-type=\"page\">\n\t\t\t\t<div class=\"elementor-element elementor-element-9a07803 e-flex e-con-boxed elementor-invisible e-con e-parent\" data-id=\"9a07803\" data-element_type=\"container\" data-e-type=\"container\" data-settings=\"{&quot;animation&quot;:&quot;fadeIn&quot;,&quot;background_background&quot;:&quot;gradient&quot;}\">\n\t\t\t\t\t<div class=\"e-con-inner\">\n\t\t<div class=\"elementor-element elementor-element-00275b0 e-con-full e-flex e-con e-child\" data-id=\"00275b0\" data-element_type=\"container\" data-e-type=\"container\">\n\t\t\t\t<div class=\"elementor-element elementor-element-1960570 elementor-widget__width-auto elementor-invisible elementor-widget elementor-widget-heading\" data-id=\"1960570\" data-element_type=\"widget\" data-e-type=\"widget\" data-settings=\"{&quot;_animation&quot;:&quot;fadeInLeft&quot;}\" data-widget_type=\"heading.default\">\n\t\t\t\t<div class=\"elementor-widget-container\">\n\t\t\t\t\t<h6 class=\"elementor-heading-title elementor-size-default\">Chuy\u00ean nghi\u1ec7p - Gi\u00e1 t\u1ed1t - T\u1eadn T\u00e2m<\/h6>\t\t\t\t<\/div>\n\t\t\t\t<\/div>\n\t\t\t\t<div class=\"elementor-element elementor-element-19897a0 elementor-absolute rotateme elementor-widget__width-initial elementor-widget elementor-widget-image\" data-id=\"19897a0\" data-element_type=\"widget\" data-e-type=\"widget\" data-settings=\"{&quot;_position&quot;:&quot;absolute&quot;}\" data-widget_type=\"image.default\">\n\t\t\t\t<div class=\"elementor-widget-container\">\n\t\t\t\t\t\t\t\t\t\t\t\t\t\t\t<img decoding=\"async\" width=\"44\" height=\"49\" src=\"https:\/\/ngocnguyen.com.vn\/website\/wp-content\/uploads\/2023\/10\/shape1.png\" class=\"attachment-large size-large wp-image-104\" alt=\"\" \/>\t\t\t\t\t\t\t\t\t\t\t\t\t\t\t<\/div>\n\t\t\t\t<\/div>\n\t\t\t\t<div class=\"elementor-element elementor-element-638924c elementor-invisible elementor-widget elementor-widget-heading\" data-id=\"638924c\" data-element_type=\"widget\" data-e-type=\"widget\" data-settings=\"{&quot;_animation&quot;:&quot;fadeInUp&quot;}\" data-widget_type=\"heading.default\">\n\t\t\t\t<div class=\"elementor-widget-container\">\n\t\t\t\t\t<h1 class=\"elementor-heading-title elementor-size-default\">C\u00e1c d\u1ef1 \u00e1n Website<\/h1>\t\t\t\t<\/div>\n\t\t\t\t<\/div>\n\t\t\t\t<div class=\"elementor-element elementor-element-a73983b elementor-invisible elementor-widget elementor-widget-text-editor\" data-id=\"a73983b\" data-element_type=\"widget\" data-e-type=\"widget\" data-settings=\"{&quot;_animation&quot;:&quot;fadeInUp&quot;}\" data-widget_type=\"text-editor.default\">\n\t\t\t\t<div class=\"elementor-widget-container\">\n\t\t\t\t\t\t\t\t\t<p>To\u00e0n b\u1ed9 c\u00e1c d\u1ef1 \u00e1n Website m\u00e0 Ng\u1ecdc \u0111\u00e3 l\u00e0m cho c\u00e1c kh\u00e1ch h\u00e0ng y\u00eau qu\u00fd c\u1ee7a m\u00ecnh.<\/p><p>N\u1ebfu b\u1ea1n c\u1ea3m th\u1ea5y th\u00edch v\u1edbi d\u1ef1 \u00e1n n\u00e0o th\u00ec c\u1ee9 nh\u1eafn m\u00ecnh nh\u00e9<\/p>\t\t\t\t\t\t\t\t<\/div>\n\t\t\t\t<\/div>\n\t\t\t\t<div class=\"elementor-element elementor-element-31145fe elementor-widget__width-auto elementor-invisible elementor-widget elementor-widget-button\" data-id=\"31145fe\" data-element_type=\"widget\" data-e-type=\"widget\" data-settings=\"{&quot;_animation&quot;:&quot;fadeInUp&quot;}\" data-widget_type=\"button.default\">\n\t\t\t\t<div class=\"elementor-widget-container\">\n\t\t\t\t\t\t\t\t\t<div class=\"elementor-button-wrapper\">\n\t\t\t\t\t<a class=\"elementor-button elementor-button-link elementor-size-sm elementor-animation-bob\" href=\"https:\/\/zalo.me\/0396753543\" target=\"_blank\" rel=\"noopener\">\n\t\t\t\t\t\t<span class=\"elementor-button-content-wrapper\">\n\t\t\t\t\t\t<span class=\"elementor-button-icon\">\n\t\t\t\t<i aria-hidden=\"true\" class=\"fas fa-caret-right\"><\/i>\t\t\t<\/span>\n\t\t\t\t\t\t\t\t\t<span class=\"elementor-button-text\">Nh\u1eadn T\u01b0 V\u1ea5n<\/span>\n\t\t\t\t\t<\/span>\n\t\t\t\t\t<\/a>\n\t\t\t\t<\/div>\n\t\t\t\t\t\t\t\t<\/div>\n\t\t\t\t<\/div>\n\t\t\t\t<\/div>\n\t\t<div class=\"elementor-element elementor-element-fa1eb4d e-con-full e-flex e-con e-child\" data-id=\"fa1eb4d\" data-element_type=\"container\" data-e-type=\"container\">\n\t\t\t\t<div class=\"elementor-element elementor-element-65ca435 elementor-invisible elementor-widget elementor-widget-image\" data-id=\"65ca435\" data-element_type=\"widget\" data-e-type=\"widget\" data-settings=\"{&quot;_animation&quot;:&quot;fadeIn&quot;}\" data-widget_type=\"image.default\">\n\t\t\t\t<div class=\"elementor-widget-container\">\n\t\t\t\t\t\t\t\t\t\t\t\t\t\t\t<img fetchpriority=\"high\" decoding=\"async\" width=\"800\" height=\"486\" src=\"https:\/\/ngocnguyen.com.vn\/website\/wp-content\/uploads\/2023\/10\/cr11.png\" class=\"attachment-full size-full wp-image-19\" alt=\"\" srcset=\"https:\/\/ngocnguyen.com.vn\/website\/wp-content\/uploads\/2023\/10\/cr11.png 800w, https:\/\/ngocnguyen.com.vn\/website\/wp-content\/uploads\/2023\/10\/cr11-768x467.png 768w\" sizes=\"(max-width: 800px) 100vw, 800px\" \/>\t\t\t\t\t\t\t\t\t\t\t\t\t\t\t<\/div>\n\t\t\t\t<\/div>\n\t\t\t\t<div class=\"elementor-element elementor-element-6b18c3e elementor-absolute animated-fast elementor-invisible elementor-widget elementor-widget-image\" data-id=\"6b18c3e\" data-element_type=\"widget\" data-e-type=\"widget\" data-settings=\"{&quot;_animation&quot;:&quot;fadeInUp&quot;,&quot;_position&quot;:&quot;absolute&quot;,&quot;_animation_mobile&quot;:&quot;fadeInUp&quot;}\" data-widget_type=\"image.default\">\n\t\t\t\t<div class=\"elementor-widget-container\">\n\t\t\t\t\t\t\t\t\t\t\t\t\t\t\t<img decoding=\"async\" width=\"474\" height=\"610\" src=\"https:\/\/ngocnguyen.com.vn\/website\/wp-content\/uploads\/2023\/10\/rocket.png\" class=\"elementor-animation-bob attachment-full size-full wp-image-20\" alt=\"\" \/>\t\t\t\t\t\t\t\t\t\t\t\t\t\t\t<\/div>\n\t\t\t\t<\/div>\n\t\t\t\t<div class=\"elementor-element elementor-element-050d581 elementor-absolute elementor-view-default elementor-invisible elementor-widget elementor-widget-icon\" data-id=\"050d581\" data-element_type=\"widget\" data-e-type=\"widget\" data-settings=\"{&quot;_position&quot;:&quot;absolute&quot;,&quot;_animation&quot;:&quot;fadeIn&quot;}\" data-widget_type=\"icon.default\">\n\t\t\t\t<div class=\"elementor-widget-container\">\n\t\t\t\t\t\t\t<div class=\"elementor-icon-wrapper\">\n\t\t\t<div class=\"elementor-icon\">\n\t\t\t<i aria-hidden=\"true\" class=\"fas fa-circle\"><\/i>\t\t\t<\/div>\n\t\t<\/div>\n\t\t\t\t\t\t<\/div>\n\t\t\t\t<\/div>\n\t\t\t\t<\/div>\n\t\t\t\t\t<\/div>\n\t\t\t\t<\/div>\n\t\t<div class=\"elementor-element elementor-element-daf4548 e-flex e-con-boxed e-con e-parent\" data-id=\"daf4548\" data-element_type=\"container\" data-e-type=\"container\">\n\t\t\t\t\t<div class=\"e-con-inner\">\n\t\t\t\t<div class=\"elementor-element elementor-element-ead8582 elementor-widget elementor-widget-shortcode\" data-id=\"ead8582\" data-element_type=\"widget\" data-e-type=\"widget\" data-widget_type=\"shortcode.default\">\n\t\t\t\t<div class=\"elementor-widget-container\">\n\t\t\t\t\t\t\t<div class=\"elementor-shortcode\"><div id=\"astra-portfolio\" class=\"astra-portfolio-wrap astra-portfolio-style-1 astra-portfolio-show-on-scroll\"\n\tdata-other-categories=\"\"\n\tdata-categories=\"\"\n\tdata-tags=\"\"\n>\n\t\t<div class=\"astra-portfolio-filters\" class=\"wp-filter hide-if-no-js\">\n\n\t\t<!-- All Filters -->\n\t\t<div class=\"filters-wrap\">\n\t\t\t\t\t\t\t\n\t\t\t\t\t\t\t<div class=\"astra-portfolio-categories-wrap\"><\/div>\n\t\t\t\t\t\t\t\n\t\t<\/div>\n\n\t\t\n\t<\/div>\n\t\n\t<!-- All Astra Portfolio -->\n\t<div class=\"astra-portfolio-shortcode-wrap astra-portfolio-grid astra-portfolio astra-portfolio-row\"><\/div><!-- .astra-portfolio -->\n\n<\/div><!-- .astra-portfolio. -->\n\n\t\t\t<script type=\"text\/template\" id=\"tmpl-astra-portfolio-responsive-view\">\r\n\t\t\t\t<span class=\"responsive-view\">\n\t<span class=\"actions\">\n\t\t<a class=\"desktop\" href=\"#\"><span data-view=\"desktop \" class=\"active dashicons dashicons-desktop\"><\/span><\/a>\n\t\t<a class=\"tablet\" href=\"#\"><span data-view=\"tablet\" class=\"dashicons dashicons-tablet\"><\/span><\/a>\n\t\t<a class=\"mobile\" href=\"#\"><span data-view=\"mobile\" class=\"dashicons dashicons-smartphone\"><\/span><\/a>\n\t<\/span>\n<\/span>\n\t\t\t<\/script>\r\n\r\n\t\t\t\t\t\t<script type=\"text\/template\" id=\"tmpl-astra-portfolio-filters\">\r\n\r\n\t\t\t\t<# if ( data ) { #>\r\n\r\n\t<ul class=\"{{ data.args.wrapper_class }} {{ data.args.class }}\">\r\n\r\n\t\t<# if ( data.args.show_all ) { #>\r\n\t\t\t<li>\r\n\t\t\t\t<a href=\"#\" data-group=\"all\">\r\n\t\t\t\t\tAll\t\t\t\t<\/a>\r\n\t\t\t<\/li>\r\n\t\t<# } #>\r\n\r\n\t\t<# for ( key in data.items ) { #>\r\n\r\n\t\t\t<# if ( data.items[ key ].count ) { #>\r\n\r\n\t\t\t\t<li>\r\n\t\t\t\t\t<a href=\"#\" data-group='{{ data.items[ key ].id }}' class=\"{{ data.items[ key ].name }}\">\r\n\t\t\t\t\t\t{{{ data.items[ key ].name }}}\r\n\t\t\t\t\t<\/a>\r\n\t\t\t\t<\/li>\r\n\r\n\t\t\t<# } #>\r\n\r\n\t\t<# } #>\r\n\r\n\t<\/ul>\r\n<# } #>\r\n\r\n\t\t\t<\/script>\r\n\r\n\t\t\t\t\t\t<script type=\"text\/template\" id=\"tmpl-astra-portfolio-no-items-found\">\r\n\r\n\t\t\t\t<div class=\"astra-portfolio-not-found\">\n\t<p>\n\t\tNo items found.<br\/>\n\t<\/p>\n<\/div>\n\r\n\t\t\t<\/script>\r\n\r\n\t\t\t\t\t\t<script type=\"text\/template\" id=\"tmpl-astra-portfolio-list\">\r\n\r\n\t\t\t\t<# if ( data.items.length ) { #>\n\t<# for ( key in data.items ) {\n\n\t\tvar item_classes = '';\n\t\tif( 1 == data.items[ key ]['astra-site-open-in-new-tab'] )\n\t\t{\n\t\t\titem_classes = ' open-in-new-tab ';\n\t\t}\n\n\t\tvar open_in = data.items[ key ]['astra-site-open-portfolio-in'] || '';\n\n\t\titem_classes += ' ' + open_in + ' ';\n\t\tvar style = 'style-1';\n\t\tvar speed = '3';\n\t\t#>\n\n\t\t<div class=\"site-single {{ item_classes }} astra-portfolio-col-md-3 {{ data.items[ key ]['portfolio-type'] }}\" data-slug=\"{{ data.items[ key ]['slug'] }}\" data-id=\"{{data.items[ key ]['id']}}\" data-portfolio-type=\"{{data.items[ key ]['portfolio-type']}}\">\n\t\t\t<div class=\"inner\">\n\t\t\t\t\t\t\t\t<#\n\t\t\t\tvar css = '';\n\t\t\t\tif( 'style-1' == style && '' !== data.items[ key ]['thumbnail-image-url'] ) {\n\t\t\t\t\tcss = \"background-image:url('\"+data.items[ key ]['thumbnail-image-url']+\"'); \";\n\t\t\t\t\tif( '' !== speed ) {\n\t\t\t\t\t\tcss += \"transition: all ease-in-out \" + speed + \"s;\";\n\t\t\t\t\t}\n\t\t\t\t}\n\n\t\t\t\tvar type = data.items[ key ]['portfolio-type'] || '';\n\n\t\t\t\tswitch( type ) {\n\t\t\t\t\tcase 'page': \n\t\t\t\t\t\t\t\t\tvar permalink = data.items[ key ]['link'] || '';\n\t\t\t\t\t\t\t\t\tvar target = '_blank';\n\t\t\t\t\t\t\t\t\tif( 'same-tab' == open_in )\n\t\t\t\t\t\t\t\t\t{\n\t\t\t\t\t\t\t\t\t\ttarget = '_self';\n\t\t\t\t\t\t\t\t\t}\n\t\t\t\t\t\t\t\t\tif( 'iframe' == open_in )\n\t\t\t\t\t\t\t\t\t{ #>\n\t\t\t\t\t\t\t\t\t\t<span class=\"site-preview\" data-href=\"{{ permalink }}TB_iframe=true&width=600&height=550\" data-title=\"{{ data.items[ key ].title.rendered }}\" style=\"{{css}}\">\n\t\t\t\t\t\t\t\t\t<# } else { #>\n\t\t\t\t\t\t\t\t\t\t<a target=\"{{ target }}\" class=\"site-preview\" title=\"{{ data.items[ key ].title.rendered }}\" href=\"{{{permalink}}}\" data-elementor-open-lightbox=\"no\" style=\"{{css}}\">\n\t\t\t\t\t\t\t\t\t<# } #>\n\t\t\t\t\t\t\t\t\t\t<# if( 'style-1' !== style && '' !== data.items[ key ]['thumbnail-image-url'] ) { #>\n\t\t\t\t\t\t\t\t\t\t\t<img class=\"lazy\" data-src=\"{{ data.items[ key ]['thumbnail-image-url'] }}\" alt=\"{{ data.items[ key ]['thumbnail-image-meta']['alt'] }}\" title=\"{{ data.items[ key ]['thumbnail-image-meta']['title'] }}\" \/>\n\t\t\t\t\t\t\t\t\t\t\t<noscript>\n\t\t\t\t\t\t\t\t\t\t\t\t<img decoding=\"async\" src=\"{{ data.items[ key ]['thumbnail-image-url'] }}\" alt=\"{{ data.items[ key ]['thumbnail-image-meta']['alt'] }}\" title=\"{{ data.items[ key ]['thumbnail-image-meta']['title'] }}\" \/>\n\t\t\t\t\t\t\t\t\t\t\t<\/noscript>\n\t\t\t\t\t\t\t\t\t\t<# } #>\n\t\t\t\t\t\t\t\t\t\t\t\t\t\t\t\t\t\t\t\t<span class=\"view-demo-wrap\">\n\t\t\t\t\t\t\t\t\t\t\t<span class=\"view-demo\"> Xem Ngay <\/span>\n\t\t\t\t\t\t\t\t\t\t<\/span>\n\t\t\t\t\t\t\t\t\t\t\t\t\t\t\t\t\t\t\t<# if( 'iframe' == open_in )\n\t\t\t\t\t\t\t\t\t{ #>\n\t\t\t\t\t\t\t\t\t\t<\/span>\n\t\t\t\t\t\t\t\t\t<# } else { #>\n\t\t\t\t\t\t\t\t\t\t<\/a>\n\t\t\t\t\t\t\t\t\t<# }\n\t\t\t\t\t\tbreak;\n\t\t\t\t\tcase 'video': \n\t\t\t\t\t\t\t\t\tvar video_url = data.items[ key ]['portfolio-video-url'] || '';\n\t\t\t\t\t\t\t\t\t#>\t\t\t\t\t\t\t\t\t\t\n\t\t\t\t\t\t\t\t\t<a class=\"site-preview\" title=\"{{ data.items[ key ].title.rendered }}\" href=\"{{{video_url}}}\" data-elementor-open-lightbox=\"no\" style=\"{{css}}\">\n\t\t\t\t\t\t\t\t\t\t<# if( 'style-1' !== style && '' !== data.items[ key ]['thumbnail-image-url'] ) { #>\n\t\t\t\t\t\t\t\t\t\t\t<img class=\"lazy\" data-src=\"{{ data.items[ key ]['thumbnail-image-url'] }}\" alt=\"{{ data.items[ key ]['thumbnail-image-meta']['alt'] }}\" title=\"{{ data.items[ key ]['thumbnail-image-meta']['title'] }}\" \/>\n\t\t\t\t\t\t\t\t\t\t\t<noscript>\n\t\t\t\t\t\t\t\t\t\t\t\t<img decoding=\"async\" src=\"{{ data.items[ key ]['thumbnail-image-url'] }}\" alt=\"{{ data.items[ key ]['thumbnail-image-meta']['alt'] }}\" title=\"{{ data.items[ key ]['thumbnail-image-meta']['title'] }}\" \/>\n\t\t\t\t\t\t\t\t\t\t\t<\/noscript>\n\t\t\t\t\t\t\t\t\t\t<# } #>\n\t\t\t\t\t\t\t\t\t\t\t\t\t\t\t\t\t\t\t\t<span class=\"view-demo-wrap\">\n\t\t\t\t\t\t\t\t\t\t\t<span class=\"view-demo\"> Xem Ngay <\/span>\n\t\t\t\t\t\t\t\t\t\t<\/span>\n\t\t\t\t\t\t\t\t\t\t\t\t\t\t\t\t\t\t\t<\/a>\n\t\t\t\t\t\t\t\t\t<#\n\t\t\t\t\t\tbreak;\n\t\t\t\t\tcase 'image': \n\t\t\t\t\t\t\t\t\tvar image_url = data.items[ key ]['lightbox-image-url'] || '';\n\t\t\t\t\t\t\t\t\tif( '' === image_url ) {\n\t\t\t\t\t\t\t\t\t\timage_url = data.items[ key ]['thumbnail-image-url'] || '';\n\t\t\t\t\t\t\t\t\t}\n\t\t\t\t\t\t\t\t\t#>\n\t\t\t\t\t\t\t\t\t<a class=\"site-preview\" title=\"{{ data.items[ key ].title.rendered }}\" href=\"{{{image_url}}}\" data-elementor-open-lightbox=\"no\" style=\"{{css}}\">\n\t\t\t\t\t\t\t\t\t\t<# if( 'style-1' !== style && '' !== data.items[ key ]['thumbnail-image-url'] ) { #>\n\t\t\t\t\t\t\t\t\t\t\t<img class=\"lazy\" data-src=\"{{ data.items[ key ]['thumbnail-image-url'] }}\" alt=\"{{ data.items[ key ]['thumbnail-image-meta']['alt'] }}\" title=\"{{ data.items[ key ]['thumbnail-image-meta']['title'] }}\" \/>\n\t\t\t\t\t\t\t\t\t\t\t<noscript>\n\t\t\t\t\t\t\t\t\t\t\t\t<img decoding=\"async\" src=\"{{ data.items[ key ]['thumbnail-image-url'] }}\" alt=\"{{ data.items[ key ]['thumbnail-image-meta']['alt'] }}\" title=\"{{ data.items[ key ]['thumbnail-image-meta']['title'] }}\" \/>\n\t\t\t\t\t\t\t\t\t\t\t<\/noscript>\n\t\t\t\t\t\t\t\t\t\t<# } #>\n\t\t\t\t\t\t\t\t\t\t\t\t\t\t\t\t\t\t\t\t<span class=\"view-demo-wrap\">\n\t\t\t\t\t\t\t\t\t\t\t<span class=\"view-demo\"> Xem Ngay <\/span>\n\t\t\t\t\t\t\t\t\t\t<\/span>\n\t\t\t\t\t\t\t\t\t\t\t\t\t\t\t\t\t\t\t<\/a>\n\t\t\t\t\t\t\t\t\t<#\n\t\t\t\t\t\tbreak;\n\n\t\t\t\t\tcase 'iframe': \n\t\t\t\t\tdefault:\n\n\t\t\t\t\t\t\t\t\tif( 1 == data.items[ key ]['astra-site-open-in-new-tab'] ) { #>\n\t\t\t\t\t\t\t\t\t\t<a class=\"site-preview\" href=\"{{ data.items[ key ]['astra-site-url'] }}\" target=\"_blank\" data-title=\"{{ data.items[ key ].title.rendered }}\" data-elementor-open-lightbox=\"no\" style=\"{{css}}\">\n\t\t\t\t\t\t\t\t\t<# } else { #>\n\t\t\t\t\t\t\t\t\t\t<span class=\"site-preview\" data-href=\"{{ data.items[ key ]['astra-site-url'] }}TB_iframe=true&width=600&height=550\" data-title=\"{{ data.items[ key ].title.rendered }}\" style=\"{{css}}\">\n\t\t\t\t\t\t\t\t\t<# } #>\n\t\t\t\t\t\t\t\t\t\t<# if( 'style-1' !== style && '' !== data.items[ key ]['thumbnail-image-url'] ) { #>\n\t\t\t\t\t\t\t\t\t\t\t<img class=\"lazy\" data-src=\"{{ data.items[ key ]['thumbnail-image-url'] }}\" alt=\"{{ data.items[ key ]['thumbnail-image-meta']['alt'] }}\" title=\"{{ data.items[ key ]['thumbnail-image-meta']['title'] }}\" \/>\n\t\t\t\t\t\t\t\t\t\t\t<noscript>\n\t\t\t\t\t\t\t\t\t\t\t\t<img decoding=\"async\" src=\"{{ data.items[ key ]['thumbnail-image-url'] }}\" alt=\"{{ data.items[ key ]['thumbnail-image-meta']['alt'] }}\" title=\"{{ data.items[ key ]['thumbnail-image-meta']['title'] }}\" \/>\n\t\t\t\t\t\t\t\t\t\t\t<\/noscript>\n\t\t\t\t\t\t\t\t\t\t<# } #>\n\t\t\t\t\t\t\t\t\t\t\t\t\t\t\t\t\t\t\t\t<span class=\"view-demo-wrap\">\n\t\t\t\t\t\t\t\t\t\t\t<span class=\"view-demo\"> Xem Ngay <\/span>\n\t\t\t\t\t\t\t\t\t\t<\/span>\n\t\t\t\t\t\t\t\t\t\t\t\t\t\t\t\t\t\t\t<# if( 1 == data.items[ key ]['astra-site-open-in-new-tab'] ) { #>\n\t\t\t\t\t\t\t\t\t\t<\/a>\n\t\t\t\t\t\t\t\t\t<# } else { #>\n\t\t\t\t\t\t\t\t\t\t<\/span>\n\t\t\t\t\t\t\t\t\t<# }\n\t\t\t\t\t\tbreak;\n\t\t\t\t}\n\t\t\t\t#>\n\t\t\t\t\t\t\t\t\t<div class=\"template-meta\">\n\t\t\t\t\t\t<div class=\"item-title\">\n\t\t\t\t\t\t\t{{{ data.items[ key ].title.rendered }}}\n\t\t\t\t\t\t\t<# if ( data.items[ key ]['astra-site-type'] ) { #>\n\t\t\t\t\t\t\t\t<span class=\"site-type {{data.items[ key ]['astra-site-type']}}\">{{data.items[ key ]['astra-site-type']}}<\/span>\n\t\t\t\t\t\t\t<# } #>\n\t\t\t\t\t\t<\/div>\n\t\t\t\t\t<\/div>\n\t\t\t\t\t\t\t<\/div>\n\t\t<\/div>\n\t<# } #>\n<# } else { #>\n\t<div class=\"astra-portfolio-not-found\">\n\t\t<p>\n\t\t\tNo items found.<br\/>\n\t\t<\/p>\n\t<\/div>\n<# } #>\n\r\n\t\t\t<\/script>\r\n\t\t\t\n<script type=\"text\/template\" id=\"tmpl-astra-portfolio-load-more-sites\">\n\t<button class=\"astra-portfolio-load-more-sites\">Load More<\/button>\n<\/script>\n\n<script type=\"text\/template\" id=\"tmpl-astra-portfolio-spinner\">\n\t<span class=\"spinner is-active\"><\/span>\n<\/script>\n\n<script type=\"text\/template\" id=\"tmpl-astra-portfolio-not-found\">\n\t<span class=\"astra-portfolio-not-found\">\n\t\t<p>\n\t\t\tNo items found.<br\/>\n\t\t<\/p>\n\t<\/span>\n<\/script>\n\n<script type=\"text\/template\" id=\"tmpl-astra-portfolio-no-more-demos\">\n\t<span class=\"no-more-demos\">\n\t\t\t<\/span>\n<\/script>\n<\/div>\n\t\t\t\t\t\t<\/div>\n\t\t\t\t<\/div>\n\t\t\t\t\t<\/div>\n\t\t\t\t<\/div>\n\t\t\t\t<\/div>\n\t\t","protected":false},"excerpt":{"rendered":"<p>Chuy\u00ean nghi\u1ec7p &#8211; Gi\u00e1 t\u1ed1t &#8211; T\u1eadn T\u00e2m C\u00e1c d\u1ef1 \u00e1n Website To\u00e0n b\u1ed9 c\u00e1c d\u1ef1 \u00e1n Website m\u00e0 Ng\u1ecdc \u0111\u00e3 l\u00e0m cho c\u00e1c kh\u00e1ch h\u00e0ng y\u00eau qu\u00fd c\u1ee7a m\u00ecnh. N\u1ebfu b\u1ea1n c\u1ea3m th\u1ea5y th\u00edch v\u1edbi d\u1ef1 \u00e1n n\u00e0o th\u00ec c\u1ee9 nh\u1eafn m\u00ecnh nh\u00e9 Nh\u1eadn T\u01b0 V\u1ea5n<\/p>\n","protected":false},"author":1,"featured_media":0,"parent":0,"menu_order":0,"comment_status":"closed","ping_status":"closed","template":"elementor_header_footer","meta":{"footnotes":""},"class_list":["post-3469","page","type-page","status-publish","hentry"],"_links":{"self":[{"href":"https:\/\/ngocnguyen.com.vn\/website\/wp-json\/wp\/v2\/pages\/3469","targetHints":{"allow":["GET"]}}],"collection":[{"href":"https:\/\/ngocnguyen.com.vn\/website\/wp-json\/wp\/v2\/pages"}],"about":[{"href":"https:\/\/ngocnguyen.com.vn\/website\/wp-json\/wp\/v2\/types\/page"}],"author":[{"embeddable":true,"href":"https:\/\/ngocnguyen.com.vn\/website\/wp-json\/wp\/v2\/users\/1"}],"replies":[{"embeddable":true,"href":"https:\/\/ngocnguyen.com.vn\/website\/wp-json\/wp\/v2\/comments?post=3469"}],"version-history":[{"count":0,"href":"https:\/\/ngocnguyen.com.vn\/website\/wp-json\/wp\/v2\/pages\/3469\/revisions"}],"wp:attachment":[{"href":"https:\/\/ngocnguyen.com.vn\/website\/wp-json\/wp\/v2\/media?parent=3469"}],"curies":[{"name":"wp","href":"https:\/\/api.w.org\/{rel}","templated":true}]}}